{"id":119,"date":"2022-10-05T21:51:33","date_gmt":"2022-10-05T21:51:33","guid":{"rendered":"https:\/\/systembeta.campeche.gob.mx\/?page_id=119"},"modified":"2025-09-23T12:10:41","modified_gmt":"2025-09-23T18:10:41","slug":"integrantes-del-sipinna","status":"publish","type":"page","link":"https:\/\/sipinna.campeche.gob.mx\/?page_id=119","title":{"rendered":"Integrantes del SIPINNA"},"content":{"rendered":"<p>[et_pb_section fb_built=\u00bb1&#8243; _builder_version=\u00bb4.16&#8243; _module_preset=\u00bbdefault\u00bb global_colors_info=\u00bb{}\u00bb][et_pb_row _builder_version=\u00bb4.16&#8243; _module_preset=\u00bbdefault\u00bb module_alignment=\u00bbcenter\u00bb global_colors_info=\u00bb{}\u00bb][et_pb_column type=\u00bb4_4&#8243; _builder_version=\u00bb4.16&#8243; _module_preset=\u00bbdefault\u00bb global_colors_info=\u00bb{}\u00bb][et_pb_blurb title=\u00bbPoder Ejecutivo\u00bb use_icon=\u00bbon\u00bb font_icon=\u00bb&#xe0e3;||divi||400&#8243; icon_color=\u00bb#691C32&#8243; icon_placement=\u00bbleft\u00bb content_max_width=\u00bb100%\u00bb _builder_version=\u00bb4.25.1&#8243; header_font=\u00bb||||||||\u00bb header_text_color=\u00bb#691C32&#8243; header_font_size=\u00bb22px\u00bb header_line_height=\u00bb1.4em\u00bb body_font=\u00bb||||||||\u00bb body_text_color=\u00bb#8f8f8f\u00bb body_font_size=\u00bb16px\u00bb body_line_height=\u00bb1.5em\u00bb background_layout=\u00bbdark\u00bb width=\u00bb55%\u00bb module_alignment=\u00bbcenter\u00bb min_height=\u00bb173px\u00bb custom_margin=\u00bb||10px||false|false\u00bb custom_padding=\u00bb0px||30px||false|false\u00bb animation=\u00bboff\u00bb hover_enabled=\u00bb0&#8243; border_width_right_image=\u00bb9px\u00bb border_color_right_image=\u00bbrgba(0,0,0,0)\u00bb global_colors_info=\u00bb{}\u00bb sticky_enabled=\u00bb0&#8243;]<a href=\"https:\/\/campeche.gob.mx\/layda-elena-sansores-sanroman\/\">&#8211; Gobernador del Estado<\/a><br \/>\n<a href=\"https:\/\/www.segobcampeche.gob.mx\/\">&#8211; Secretar\u00eda de Gobierno<\/a><br \/>\n<a href=\"https:\/\/difcampeche.gob.mx\/\">&#8211; Sistema DIF Estatal<\/a><br \/>\n<a href=\"https:\/\/safin.campeche.gob.mx\/\">&#8211; Secretar\u00eda de Administraci\u00f3n y Finanzas<\/a><br \/>\n<a href=\"https:\/\/bienestar.campeche.gob.mx\/\">&#8211; Secretar\u00eda de Bienestar<\/a><br \/>\n<a href=\"https:\/\/educacioncampeche.gob.mx\/\">&#8211; Secretar\u00eda de Educaci\u00f3n P\u00fablica<\/a><br \/>\n<a href=\"https:\/\/salud.campeche.gob.mx\/\">&#8211; Secretar\u00eda de Salud<\/a><br \/>\n<a href=\"https:\/\/fgecam.campeche.gob.mx\/\">&#8211; Fiscal\u00eda General<\/a><br \/>\n<a href=\"https:\/\/www.spsc.campeche.gob.mx\/\">&#8211; Secretar\u00eda de Protecci\u00f3n y Seguridad Ciudadana<\/a><br \/>\n<a href=\"https:\/\/www.culturacampeche.mx\/\">&#8211; Instituto de Cultura y Artes del Estado de Campeche<\/a><br \/>\n<a href=\"https:\/\/turismo.campeche.gob.mx\/\">&#8211; Secretar\u00eda de Turismo<\/a><br \/>\n<a href=\"https:\/\/www.semabicce.campeche.gob.mx\/\">&#8211; Secretar\u00eda del Medio Ambiente y Aprovechamiento Sustentable.<\/a><br \/>\n<a href=\"https:\/\/www.semabicce.campeche.gob.mx\/\">&#8211; Secretar\u00eda del Trabajo y Previsi\u00f3n Social<\/a><br \/>\n<a href=\"https:\/\/inclusion.campeche.gob.mx\/\">&#8211; Secretar\u00eda de Inclusi\u00f3n<\/a><br \/>\n<a href=\"https:\/\/trccampeche.gob.mx\/\">&#8211; Sistema TRC<\/a><br \/>\n<a href=\"http:\/\/sannafarm.com.mx\/\">&#8211; SANNAFARM Vida Nueva (Invitado)<\/a><br \/>\n<a href=\"https:\/\/semaig.campeche.gob.mx\/\">&#8211; Secretaria de Modernizaci\u00f3n Administrativa e Innovaci\u00f3n Gubernamental<\/a><br \/>\n<a href=\"https:\/\/semaig.campeche.gob.mx\/\">&#8211; Inst. de la Mujer del Edo. de Campeche (Invitado)<\/a><br \/>\n<a href=\"https:\/\/injucam.campeche.gob.mx\/\">&#8211; Instituto de la Juventud (Invitado)<\/a><br \/>\n<a href=\"https:\/\/coespo.campeche.gob.mx\/\">&#8211; Consejo Estatal de Poblaci\u00f3n (Invitado)<\/a>[\/et_pb_blurb][et_pb_divider color=\u00bb#691C32&#8243; _builder_version=\u00bb4.25.1&#8243; _module_preset=\u00bbdefault\u00bb global_colors_info=\u00bb{}\u00bb][\/et_pb_divider][et_pb_blurb title=\u00bbSistemas Municipales del Sistema de Protecci\u00f3n Integral de Ni\u00f1as, Ni\u00f1os y Adolescentes\u00bb use_icon=\u00bbon\u00bb font_icon=\u00bb&#xe01d;||divi||400&#8243; icon_color=\u00bb#691C32&#8243; icon_placement=\u00bbleft\u00bb content_max_width=\u00bb100%\u00bb _builder_version=\u00bb4.25.1&#8243; header_font=\u00bb||||||||\u00bb header_text_color=\u00bb#691C32&#8243; header_font_size=\u00bb22px\u00bb header_line_height=\u00bb1.4em\u00bb body_font=\u00bbCabin||||||||\u00bb body_text_align=\u00bbleft\u00bb body_text_color=\u00bb#8f8f8f\u00bb body_font_size=\u00bb16px\u00bb body_line_height=\u00bb1.5em\u00bb width=\u00bb55%\u00bb module_alignment=\u00bbcenter\u00bb custom_margin=\u00bb||30px||false|false\u00bb custom_padding=\u00bb||10px||false|false\u00bb animation=\u00bboff\u00bb hover_enabled=\u00bb0&#8243; border_width_right_image=\u00bb9px\u00bb border_color_right_image=\u00bbrgba(0,0,0,0)\u00bb global_colors_info=\u00bb{}\u00bb sticky_enabled=\u00bb0&#8243;]<\/p>\n<p>&#8211; Calkin\u00ed<br \/>&#8211; Campeche<br \/>&#8211; Carmen<br \/>&#8211; Champot\u00f3n<br \/>&#8211; Hecelchak\u00e1n<br \/>&#8211; Hopelch\u00e9n<br \/>&#8211; Tenabo<br \/>&#8211; Esc\u00e1rcega<br \/>&#8211; Calakmul<br \/>&#8211; Candelaria<br \/>&#8211; Palizada<br \/>&#8211; Dzitbalch\u00e9<br \/>&#8211; Seybaplaya<\/p>\n<p>[\/et_pb_blurb][et_pb_divider color=\u00bb#691C32&#8243; _builder_version=\u00bb4.25.1&#8243; _module_preset=\u00bbdefault\u00bb global_colors_info=\u00bb{}\u00bb][\/et_pb_divider][et_pb_blurb title=\u00bbGobierno Federal\u00bb use_icon=\u00bbon\u00bb font_icon=\u00bb&#xe0f5;||divi||400&#8243; icon_color=\u00bb#691C32&#8243; icon_placement=\u00bbleft\u00bb content_max_width=\u00bb100%\u00bb _builder_version=\u00bb4.25.1&#8243; header_font=\u00bb||||||||\u00bb header_text_color=\u00bb#691C32&#8243; header_font_size=\u00bb22px\u00bb header_line_height=\u00bb1.3em\u00bb body_font=\u00bbCabin||||||||\u00bb body_text_color=\u00bb#8f8f8f\u00bb body_font_size=\u00bb16px\u00bb body_line_height=\u00bb1.5em\u00bb width=\u00bb55%\u00bb module_alignment=\u00bbcenter\u00bb custom_margin=\u00bb||30px||false|false\u00bb custom_padding=\u00bb||10px||false|false\u00bb animation=\u00bboff\u00bb hover_enabled=\u00bb0&#8243; border_width_right_image=\u00bb9px\u00bb border_color_right_image=\u00bbrgba(0,0,0,0)\u00bb global_colors_info=\u00bb{}\u00bb sticky_enabled=\u00bb0&#8243;]<a href=\"https:\/\/www.gob.mx\/inea\/documentos\/comision-nacional-para-el-desarrollo-de-los- pueblos-indigenas\">&#8211; Comisi\u00f3n Nacional de los Pueblos Ind\u00edgenas<\/a><br \/>\n<a href=\"https:\/\/www.gob.mx\/inea\/documentos\/secretaria-de- desarrollo-social-164377\">&#8211; Secretar\u00eda de Desarrollo Social<\/a><br \/>\n<a href=\"https:\/\/www.gob.mx\/sep\">&#8211; Secretar\u00eda de Educaci\u00f3n<\/a><br \/>\n<a href=\"https:\/\/www.gob.mx\/segob\">&#8211; Secretar\u00eda de Gobierno<\/a><br \/>\n<a href=\"https:\/\/www.gob.mx\/stps\">&#8211; Secretar\u00eda del Trabajo y Previsi\u00f3n Social<\/a><br \/>\n&#8211; Procuradur\u00eda General de la Rep\u00fablica<br \/>\n<a href=\"https:\/\/www.gob.mx\/semarnat\">&#8211; Secretar\u00eda del Medio Ambiente y Recursos Naturales<\/a><br \/>\n<a href=\"https:\/\/www.gob.mx\/issste\">&#8211; Instituto de Seguridad y Servicios Sociales de los Trabajadores del Estado<\/a><br \/>\n<a href=\"https:\/\/www.imss.gob.mx\/\">&#8211; Instituto Mexicano del Seguro Social<\/a><br \/>\n<a href=\"https:\/\/www.gob.mx\/conafe\">&#8211; Consejo Nacional de Fomento Educativo<\/a>[\/et_pb_blurb][et_pb_divider color=\u00bb#691C32&#8243; _builder_version=\u00bb4.25.1&#8243; _module_preset=\u00bbdefault\u00bb global_colors_info=\u00bb{}\u00bb][\/et_pb_divider][et_pb_blurb title=\u00bbPoder Legislativo del Estado\u00bb use_icon=\u00bbon\u00bb font_icon=\u00bb&#xe0e3;||divi||400&#8243; icon_color=\u00bb#691C32&#8243; icon_placement=\u00bbleft\u00bb content_max_width=\u00bb100%\u00bb _builder_version=\u00bb4.25.1&#8243; header_font=\u00bb||||||||\u00bb header_text_color=\u00bb#691C32&#8243; header_font_size=\u00bb22px\u00bb header_line_height=\u00bb1.5em\u00bb body_font=\u00bbCabin||||||||\u00bb body_text_color=\u00bb#8f8f8f\u00bb body_font_size=\u00bb16px\u00bb body_line_height=\u00bb1.5em\u00bb background_layout=\u00bbdark\u00bb width=\u00bb50%\u00bb module_alignment=\u00bbcenter\u00bb min_height=\u00bb173px\u00bb custom_margin=\u00bb||-28px||false|false\u00bb custom_padding=\u00bb0px||10px||false|false\u00bb animation=\u00bboff\u00bb border_width_right_image=\u00bb9px\u00bb border_color_right_image=\u00bbrgba(0,0,0,0)\u00bb global_colors_info=\u00bb{}\u00bb]<\/p>\n<p>&#8211; Comisi\u00f3n de Atenci\u00f3n a Grupos Vulnerables<br \/>&#8211; Comisi\u00f3n de Derechos Humanos<\/p>\n<p>[\/et_pb_blurb][et_pb_divider color=\u00bb#691C32&#8243; _builder_version=\u00bb4.25.1&#8243; _module_preset=\u00bbdefault\u00bb global_colors_info=\u00bb{}\u00bb][\/et_pb_divider][et_pb_blurb title=\u00bbOrganismos P\u00fablicos Aut\u00f3nomos\u00bb use_icon=\u00bbon\u00bb font_icon=\u00bb&#xe0ef;||divi||400&#8243; icon_color=\u00bb#691C32&#8243; icon_placement=\u00bbleft\u00bb content_max_width=\u00bb100%\u00bb _builder_version=\u00bb4.25.1&#8243; header_font=\u00bb||||||||\u00bb header_text_color=\u00bb#691C32&#8243; header_font_size=\u00bb22px\u00bb header_line_height=\u00bb1.4em\u00bb body_font=\u00bbCabin||||||||\u00bb body_text_color=\u00bb#8f8f8f\u00bb body_font_size=\u00bb16px\u00bb body_line_height=\u00bb1.5em\u00bb width=\u00bb50%\u00bb module_alignment=\u00bbcenter\u00bb custom_padding=\u00bb||25px||false|false\u00bb animation=\u00bboff\u00bb hover_enabled=\u00bb0&#8243; border_width_right_image=\u00bb9px\u00bb border_color_right_image=\u00bbrgba(0,0,0,0)\u00bb global_colors_info=\u00bb{}\u00bb sticky_enabled=\u00bb0&#8243;]<\/p>\n<p><a href=\"https:\/\/codhecam.org.mx\/\">&#8211; Comisi\u00f3n de Derechos Humanos del Estado<\/a><\/p>\n<p>[\/et_pb_blurb][et_pb_divider color=\u00bb#691C32&#8243; _builder_version=\u00bb4.25.1&#8243; _module_preset=\u00bbdefault\u00bb global_colors_info=\u00bb{}\u00bb][\/et_pb_divider][et_pb_blurb title=\u00bbPoder Judicial\u00bb use_icon=\u00bbon\u00bb font_icon=\u00bb&#xe012;||divi||400&#8243; icon_color=\u00bb#691C32&#8243; icon_placement=\u00bbleft\u00bb content_max_width=\u00bb100%\u00bb _builder_version=\u00bb4.25.1&#8243; header_font=\u00bb||||||||\u00bb header_text_color=\u00bb#691C32&#8243; header_font_size=\u00bb22px\u00bb header_line_height=\u00bb1.3em\u00bb body_font=\u00bbCabin||||||||\u00bb body_text_color=\u00bb#8f8f8f\u00bb body_font_size=\u00bb16px\u00bb body_line_height=\u00bb1.5em\u00bb width=\u00bb50%\u00bb module_alignment=\u00bbcenter\u00bb custom_margin=\u00bb||62px||false|false\u00bb animation=\u00bboff\u00bb hover_enabled=\u00bb0&#8243; border_width_right_image=\u00bb9px\u00bb border_color_right_image=\u00bbrgba(0,0,0,0)\u00bb global_colors_info=\u00bb{}\u00bb sticky_enabled=\u00bb0&#8243;]<\/p>\n<p><a href=\"https:\/\/www.poderjudicialcampeche.gob.mx\/\">&#8211; Tribunal Superior de Justicia<\/a><\/p>\n<p>[\/et_pb_blurb][\/et_pb_column][\/et_pb_row][\/et_pb_section][et_pb_section fb_built=\u00bb1&#8243; _builder_version=\u00bb4.25.1&#8243; _module_preset=\u00bbdefault\u00bb background_color=\u00bb#9F2241&#8243; global_colors_info=\u00bb{}\u00bb][et_pb_row _builder_version=\u00bb4.16&#8243; _module_preset=\u00bbdefault\u00bb global_colors_info=\u00bb{}\u00bb][et_pb_column type=\u00bb4_4&#8243; _builder_version=\u00bb4.16&#8243; _module_preset=\u00bbdefault\u00bb global_colors_info=\u00bb{}\u00bb][et_pb_text _builder_version=\u00bb4.16&#8243; _module_preset=\u00bbdefault\u00bb text_font=\u00bb|600|||||||\u00bb text_text_color=\u00bb#FFFFFF\u00bb text_font_size=\u00bb16px\u00bb global_colors_info=\u00bb{}\u00bb]<\/p>\n<p style=\"text-align: center;\">Los representantes de otras dependencias y entidades de la administraci\u00f3n p\u00fablica estatal y de los \u00f3rganos con autonom\u00eda constitucional, seg\u00fan la naturaleza de los asuntos a tratar, ser\u00e1n INVITADOS al Sistema con voz pero sin voto. Articulo 122<\/p>\n<p>[\/et_pb_text][\/et_pb_column][\/et_pb_row][\/et_pb_section]<\/p>\n","protected":false},"excerpt":{"rendered":"<p>&#8211; Gobernador del Estado &#8211; Secretar\u00eda de Gobierno &#8211; Sistema DIF Estatal &#8211; Secretar\u00eda de Administraci\u00f3n y Finanzas &#8211; Secretar\u00eda de Bienestar &#8211; Secretar\u00eda de Educaci\u00f3n P\u00fablica &#8211; Secretar\u00eda de Salud &#8211; Fiscal\u00eda General &#8211; Secretar\u00eda de Protecci\u00f3n y Seguridad Ciudadana &#8211; Instituto de Cultura y Artes del Estado de Campeche &#8211; Secretar\u00eda de Turismo [&hellip;]<\/p>\n","protected":false},"author":1,"featured_media":0,"parent":0,"menu_order":0,"comment_status":"closed","ping_status":"closed","template":"","meta":{"_acf_changed":false,"_et_pb_use_builder":"on","_et_pb_old_content":"","_et_gb_content_width":"","footnotes":""},"acf":[],"_links":{"self":[{"href":"https:\/\/sipinna.campeche.gob.mx\/index.php?rest_route=\/wp\/v2\/pages\/119"}],"collection":[{"href":"https:\/\/sipinna.campeche.gob.mx\/index.php?rest_route=\/wp\/v2\/pages"}],"about":[{"href":"https:\/\/sipinna.campeche.gob.mx\/index.php?rest_route=\/wp\/v2\/types\/page"}],"author":[{"embeddable":true,"href":"https:\/\/sipinna.campeche.gob.mx\/index.php?rest_route=\/wp\/v2\/users\/1"}],"replies":[{"embeddable":true,"href":"https:\/\/sipinna.campeche.gob.mx\/index.php?rest_route=%2Fwp%2Fv2%2Fcomments&post=119"}],"version-history":[{"count":13,"href":"https:\/\/sipinna.campeche.gob.mx\/index.php?rest_route=\/wp\/v2\/pages\/119\/revisions"}],"predecessor-version":[{"id":240309,"href":"https:\/\/sipinna.campeche.gob.mx\/index.php?rest_route=\/wp\/v2\/pages\/119\/revisions\/240309"}],"wp:attachment":[{"href":"https:\/\/sipinna.campeche.gob.mx\/index.php?rest_route=%2Fwp%2Fv2%2Fmedia&parent=119"}],"curies":[{"name":"wp","href":"https:\/\/api.w.org\/{rel}","templated":true}]}}