{"id":123,"date":"2022-10-05T21:53:23","date_gmt":"2022-10-05T21:53:23","guid":{"rendered":"https:\/\/systembeta.campeche.gob.mx\/?page_id=123"},"modified":"2025-01-13T15:01:26","modified_gmt":"2025-01-13T21:01:26","slug":"marco-normativo","status":"publish","type":"page","link":"https:\/\/sipinna.campeche.gob.mx\/?page_id=123","title":{"rendered":"Marco Normativo"},"content":{"rendered":"<p>[et_pb_section fb_built=\u00bb1&#8243; _builder_version=\u00bb4.16&#8243; _module_preset=\u00bbdefault\u00bb global_colors_info=\u00bb{}\u00bb][et_pb_row column_structure=\u00bb1_3,1_3,1_3&#8243; _builder_version=\u00bb4.16&#8243; _module_preset=\u00bbdefault\u00bb custom_margin=\u00bb-10px||32px||false|false\u00bb global_colors_info=\u00bb{}\u00bb][et_pb_column type=\u00bb1_3&#8243; _builder_version=\u00bb4.16&#8243; _module_preset=\u00bbdefault\u00bb global_colors_info=\u00bb{}\u00bb][et_pb_image src=\u00bbhttps:\/\/sipinna.campeche.gob.mx\/wp-content\/uploads\/2022\/10\/Archivos-PDF-co\u0301mo-utilizados-distribuir-malware.jpg\u00bb title_text=\u00bbArchivos-PDF-co\u0301mo-utilizados-distribuir-malware\u00bb url=\u00bbhttps:\/\/www.diputados.gob.mx\/LeyesBiblio\/pdf\/CPEUM.pdf\u00bb url_new_window=\u00bbon\u00bb align=\u00bbcenter\u00bb _builder_version=\u00bb4.19.2&#8243; _module_preset=\u00bbdefault\u00bb width=\u00bb50%\u00bb global_colors_info=\u00bb{}\u00bb][\/et_pb_image][et_pb_text _builder_version=\u00bb4.16&#8243; _module_preset=\u00bbdefault\u00bb global_colors_info=\u00bb{}\u00bb]<\/p>\n<h4 style=\"text-align: center;\"><span style=\"color: #000000;\">Constituci\u00f3n Pol\u00edtica de los Estados Unidos Mexicanos<\/span><\/h4>\n<p>[\/et_pb_text][et_pb_image src=\u00bbhttps:\/\/sipinna.campeche.gob.mx\/wp-content\/uploads\/2022\/10\/Archivos-PDF-co\u0301mo-utilizados-distribuir-malware.jpg\u00bb title_text=\u00bbArchivos-PDF-co\u0301mo-utilizados-distribuir-malware\u00bb url=\u00bbhttps:\/\/drive.google.com\/file\/d\/1q0Sg6HUKQOQKPaTi6C39_1OJQc2zncI0\/view\u00bb url_new_window=\u00bbon\u00bb align=\u00bbcenter\u00bb _builder_version=\u00bb4.18.1&#8243; _module_preset=\u00bbdefault\u00bb width=\u00bb50%\u00bb global_colors_info=\u00bb{}\u00bb][\/et_pb_image][et_pb_text _builder_version=\u00bb4.16&#8243; _module_preset=\u00bbdefault\u00bb custom_margin=\u00bb||49px||false|false\u00bb global_colors_info=\u00bb{}\u00bb]<\/p>\n<h4 style=\"text-align: center;\"><span style=\"color: #000000;\">C\u00f3digo Penal del Estado de Campeche<\/span><\/h4>\n<p>[\/et_pb_text][et_pb_image src=\u00bbhttps:\/\/sipinna.campeche.gob.mx\/wp-content\/uploads\/2022\/10\/Archivos-PDF-co\u0301mo-utilizados-distribuir-malware.jpg\u00bb title_text=\u00bbArchivos-PDF-co\u0301mo-utilizados-distribuir-malware\u00bb url=\u00bbhttps:\/\/drive.google.com\/file\/d\/1RBe9H1BFXrbQTaTdN7kf7J97TmOOo5J5\/view\u00bb url_new_window=\u00bbon\u00bb align=\u00bbcenter\u00bb _builder_version=\u00bb4.18.1&#8243; _module_preset=\u00bbdefault\u00bb width=\u00bb50%\u00bb global_colors_info=\u00bb{}\u00bb][\/et_pb_image][et_pb_text _builder_version=\u00bb4.16&#8243; _module_preset=\u00bbdefault\u00bb custom_padding=\u00bb||16px||false|false\u00bb global_colors_info=\u00bb{}\u00bb]<\/p>\n<h4 style=\"text-align: center;\"><span style=\"color: #000000;\">Convenci\u00f3n sobre los Derechos del Ni\u00f1o<\/span><\/h4>\n<p>[\/et_pb_text][et_pb_image src=\u00bbhttps:\/\/sipinna.campeche.gob.mx\/wp-content\/uploads\/2022\/10\/Archivos-PDF-co\u0301mo-utilizados-distribuir-malware.jpg\u00bb title_text=\u00bbArchivos-PDF-co\u0301mo-utilizados-distribuir-malware\u00bb url=\u00bbhttps:\/\/www.diputados.gob.mx\/LeyesBiblio\/pdf\/LNSIJPA.pdf\u00bb url_new_window=\u00bbon\u00bb align=\u00bbcenter\u00bb _builder_version=\u00bb4.19.2&#8243; _module_preset=\u00bbdefault\u00bb width=\u00bb50%\u00bb global_colors_info=\u00bb{}\u00bb][\/et_pb_image][et_pb_text _builder_version=\u00bb4.16&#8243; _module_preset=\u00bbdefault\u00bb global_colors_info=\u00bb{}\u00bb]<\/p>\n<h4 style=\"text-align: center;\"><span style=\"color: #000000;\">Ley Nacional del Sistema Integral de Justicia Penal para Adolescentes<\/span><\/h4>\n<p>[\/et_pb_text][et_pb_image src=\u00bbhttps:\/\/sipinna.campeche.gob.mx\/wp-content\/uploads\/2022\/10\/Archivos-PDF-co\u0301mo-utilizados-distribuir-malware.jpg\u00bb title_text=\u00bbArchivos-PDF-co\u0301mo-utilizados-distribuir-malware\u00bb url=\u00bbhttps:\/\/drive.google.com\/file\/d\/1aUDl475LI2ltI3RM74qxB6VQ5Ehyiynw\/view?usp=sharing\u00bb url_new_window=\u00bbon\u00bb align=\u00bbcenter\u00bb _builder_version=\u00bb4.25.1&#8243; _module_preset=\u00bbdefault\u00bb width=\u00bb50%\u00bb global_colors_info=\u00bb{}\u00bb][\/et_pb_image][et_pb_text _builder_version=\u00bb4.25.1&#8243; _module_preset=\u00bbdefault\u00bb global_colors_info=\u00bb{}\u00bb]<\/p>\n<h4 style=\"text-align: center;\"><span style=\"color: #000000;\">Acuerdo por el que se reforman diversas disposiciones del Manual de Organizaci\u00f3n y Operaci\u00f3n del Sistema Estatal de Protecci\u00f3n<br \/>Integral de Ni\u00f1as, Ni\u00f1os y Adolescentes del Estado de Campeche<\/span><\/h4>\n<p>[\/et_pb_text][et_pb_image src=\u00bbhttps:\/\/sipinna.campeche.gob.mx\/wp-content\/uploads\/2022\/10\/Archivos-PDF-co\u0301mo-utilizados-distribuir-malware.jpg\u00bb title_text=\u00bbArchivos-PDF-co\u0301mo-utilizados-distribuir-malware\u00bb url=\u00bbhttps:\/\/drive.google.com\/file\/d\/1aOCqbtCqD_Flhu-9QVC1KfOl7HcRQUPW\/view?usp=sharing\u00bb url_new_window=\u00bbon\u00bb align=\u00bbcenter\u00bb _builder_version=\u00bb4.25.1&#8243; _module_preset=\u00bbdefault\u00bb width=\u00bb50%\u00bb global_colors_info=\u00bb{}\u00bb][\/et_pb_image][et_pb_text _builder_version=\u00bb4.25.1&#8243; _module_preset=\u00bbdefault\u00bb link_option_url=\u00bbhttps:\/\/drive.google.com\/file\/d\/1aOCqbtCqD_Flhu-9QVC1KfOl7HcRQUPW\/view?usp=sharing\u00bb global_colors_info=\u00bb{}\u00bb]<\/p>\n<h4 style=\"text-align: center;\">Lineamientos del Consejo Consultivo del SIPINNA Estatal<\/h4>\n<p>[\/et_pb_text][\/et_pb_column][et_pb_column type=\u00bb1_3&#8243; _builder_version=\u00bb4.16&#8243; _module_preset=\u00bbdefault\u00bb global_colors_info=\u00bb{}\u00bb][et_pb_image src=\u00bbhttps:\/\/sipinna.campeche.gob.mx\/wp-content\/uploads\/2022\/10\/Archivos-PDF-co\u0301mo-utilizados-distribuir-malware.jpg\u00bb title_text=\u00bbArchivos-PDF-co\u0301mo-utilizados-distribuir-malware\u00bb url=\u00bbhttps:\/\/drive.google.com\/file\/d\/1S09fOyCITrShyLUfQ4rfV-QMSeV4rRSB\/view?usp=drive_link\u00bb url_new_window=\u00bbon\u00bb align=\u00bbcenter\u00bb _builder_version=\u00bb4.19.2&#8243; _module_preset=\u00bbdefault\u00bb width=\u00bb50%\u00bb global_colors_info=\u00bb{}\u00bb][\/et_pb_image][et_pb_text _builder_version=\u00bb4.16&#8243; _module_preset=\u00bbdefault\u00bb global_colors_info=\u00bb{}\u00bb]<\/p>\n<h4 style=\"text-align: center;\"><span style=\"color: #000000;\">Constituci\u00f3n Pol\u00edtica del Estado de Campeche<\/span><\/h4>\n<p>[\/et_pb_text][et_pb_image src=\u00bbhttps:\/\/sipinna.campeche.gob.mx\/wp-content\/uploads\/2022\/10\/Archivos-PDF-co\u0301mo-utilizados-distribuir-malware.jpg\u00bb title_text=\u00bbArchivos-PDF-co\u0301mo-utilizados-distribuir-malware\u00bb url=\u00bbhttps:\/\/www.diputados.gob.mx\/LeyesBiblio\/pdf\/LGDNNA.pdf\u00bb url_new_window=\u00bbon\u00bb align=\u00bbcenter\u00bb _builder_version=\u00bb4.19.2&#8243; _module_preset=\u00bbdefault\u00bb width=\u00bb50%\u00bb global_colors_info=\u00bb{}\u00bb][\/et_pb_image][et_pb_text _builder_version=\u00bb4.16&#8243; _module_preset=\u00bbdefault\u00bb custom_margin=\u00bb||47px||false|false\u00bb global_colors_info=\u00bb{}\u00bb]<\/p>\n<h4 style=\"text-align: center;\"><span style=\"color: #000000;\">Ley General de los Derechos de Ni\u00f1as, Ni\u00f1os y Adolescentes<\/span><\/h4>\n<p>[\/et_pb_text][et_pb_image src=\u00bbhttps:\/\/sipinna.campeche.gob.mx\/wp-content\/uploads\/2022\/10\/Archivos-PDF-co\u0301mo-utilizados-distribuir-malware.jpg\u00bb title_text=\u00bbArchivos-PDF-co\u0301mo-utilizados-distribuir-malware\u00bb url=\u00bbhttp:\/\/demo2.campeche.gob.mx\/images\/portada\/MarcoNormativo\/G1514615.pdf\u00bb url_new_window=\u00bbon\u00bb align=\u00bbcenter\u00bb _builder_version=\u00bb4.18.1&#8243; _module_preset=\u00bbdefault\u00bb width=\u00bb50%\u00bb global_colors_info=\u00bb{}\u00bb][\/et_pb_image][et_pb_text _builder_version=\u00bb4.16&#8243; _module_preset=\u00bbdefault\u00bb global_colors_info=\u00bb{}\u00bb]<\/p>\n<h4 style=\"text-align: center;\"><span style=\"color: #000000;\">Observaciones finales sobre los informes peri\u00f3dicos cuarto y quinto combinados de M\u00e9xico<\/span><\/h4>\n<p>[\/et_pb_text][et_pb_image src=\u00bbhttps:\/\/sipinna.campeche.gob.mx\/wp-content\/uploads\/2022\/10\/Archivos-PDF-co\u0301mo-utilizados-distribuir-malware.jpg\u00bb title_text=\u00bbArchivos-PDF-co\u0301mo-utilizados-distribuir-malware\u00bb url=\u00bbhttps:\/\/drive.google.com\/file\/d\/16L2sH50BeFHTHsQpiKQKb45UOA5mS4pr\/view\u00bb url_new_window=\u00bbon\u00bb align=\u00bbcenter\u00bb _builder_version=\u00bb4.18.1&#8243; _module_preset=\u00bbdefault\u00bb width=\u00bb50%\u00bb global_colors_info=\u00bb{}\u00bb][\/et_pb_image][et_pb_text _builder_version=\u00bb4.16&#8243; _module_preset=\u00bbdefault\u00bb global_colors_info=\u00bb{}\u00bb]<\/p>\n<h4 style=\"text-align: center;\"><span style=\"color: #000000;\">Ley de los Derechos de Ni\u00f1as, Ni\u00f1os y Adolescentes del Estado de Campeche<\/span><\/h4>\n<p>[\/et_pb_text][et_pb_image src=\u00bbhttps:\/\/sipinna.campeche.gob.mx\/wp-content\/uploads\/2022\/10\/Archivos-PDF-co\u0301mo-utilizados-distribuir-malware.jpg\u00bb title_text=\u00bbArchivos-PDF-co\u0301mo-utilizados-distribuir-malware\u00bb url=\u00bbhttps:\/\/drive.google.com\/file\/d\/1gG77z64PiOXj5QHgRRhHMECSLSBPIGw1\/view?usp=sharing\u00bb url_new_window=\u00bbon\u00bb align=\u00bbcenter\u00bb _builder_version=\u00bb4.25.1&#8243; _module_preset=\u00bbdefault\u00bb width=\u00bb50%\u00bb global_colors_info=\u00bb{}\u00bb][\/et_pb_image][et_pb_text _builder_version=\u00bb4.25.1&#8243; _module_preset=\u00bbdefault\u00bb link_option_url=\u00bbhttps:\/\/drive.google.com\/file\/d\/1gG77z64PiOXj5QHgRRhHMECSLSBPIGw1\/view?usp=sharing\u00bb global_colors_info=\u00bb{}\u00bb]<\/p>\n<h4 style=\"text-align: center;\"><span style=\"color: #000000;\">Lineamientos de las Comisiones del SIPINNA Estatal<\/span><\/h4>\n<p>[\/et_pb_text][et_pb_image src=\u00bbhttps:\/\/sipinna.campeche.gob.mx\/wp-content\/uploads\/2022\/10\/Archivos-PDF-co\u0301mo-utilizados-distribuir-malware.jpg\u00bb title_text=\u00bbArchivos-PDF-co\u0301mo-utilizados-distribuir-malware\u00bb url=\u00bbhttps:\/\/sipinna.campeche.gob.mx\/wp-content\/uploads\/2025\/01\/MANUAL-DE-ORGANIZACION.pdf\u00bb url_new_window=\u00bbon\u00bb align=\u00bbcenter\u00bb _builder_version=\u00bb4.25.1&#8243; _module_preset=\u00bbdefault\u00bb width=\u00bb50%\u00bb hover_enabled=\u00bb0&#8243; global_colors_info=\u00bb{}\u00bb custom_margin=\u00bb100px||||false|false\u00bb sticky_enabled=\u00bb0&#8243;][\/et_pb_image][et_pb_text _builder_version=\u00bb4.25.1&#8243; _module_preset=\u00bbdefault\u00bb link_option_url=\u00bbhttps:\/\/drive.google.com\/file\/d\/1gG77z64PiOXj5QHgRRhHMECSLSBPIGw1\/view?usp=sharing\u00bb global_colors_info=\u00bb{}\u00bb]<\/p>\n<h4 style=\"text-align: center;\">Manual de operaci\u00f3n de la Secretar\u00eda Ejecutiva del Sistema Estatal de Protecci\u00f3n de Ni\u00f1as, Ni\u00f1os y Adolescentes.<\/h4>\n<p>[\/et_pb_text][\/et_pb_column][et_pb_column type=\u00bb1_3&#8243; _builder_version=\u00bb4.16&#8243; _module_preset=\u00bbdefault\u00bb global_colors_info=\u00bb{}\u00bb][et_pb_image src=\u00bbhttps:\/\/sipinna.campeche.gob.mx\/wp-content\/uploads\/2022\/10\/Archivos-PDF-co\u0301mo-utilizados-distribuir-malware.jpg\u00bb title_text=\u00bbArchivos-PDF-co\u0301mo-utilizados-distribuir-malware\u00bb url=\u00bbhttps:\/\/drive.google.com\/file\/d\/1ZQqAKJp4FRhrQ4G1Aoi4vTTitx4ZBo-X\/view\u00bb url_new_window=\u00bbon\u00bb align=\u00bbcenter\u00bb _builder_version=\u00bb4.18.1&#8243; _module_preset=\u00bbdefault\u00bb width=\u00bb50%\u00bb global_colors_info=\u00bb{}\u00bb][\/et_pb_image][et_pb_text _builder_version=\u00bb4.16&#8243; _module_preset=\u00bbdefault\u00bb custom_padding=\u00bb||17px||false|false\u00bb global_colors_info=\u00bb{}\u00bb]<\/p>\n<h4 style=\"text-align: center;\"><span style=\"color: #000000;\">C\u00f3digo Civil del Estado de Campeche<\/span><\/h4>\n<p>[\/et_pb_text][et_pb_image src=\u00bbhttps:\/\/sipinna.campeche.gob.mx\/wp-content\/uploads\/2022\/10\/Archivos-PDF-co\u0301mo-utilizados-distribuir-malware.jpg\u00bb title_text=\u00bbArchivos-PDF-co\u0301mo-utilizados-distribuir-malware\u00bb url=\u00bbhttps:\/\/drive.google.com\/file\/d\/1xDWq0x9W1M0amrI6xPBuduj4ebE0jwZu\/view\u00bb url_new_window=\u00bbon\u00bb align=\u00bbcenter\u00bb _builder_version=\u00bb4.18.1&#8243; _module_preset=\u00bbdefault\u00bb width=\u00bb50%\u00bb global_colors_info=\u00bb{}\u00bb][\/et_pb_image][et_pb_text _builder_version=\u00bb4.16&#8243; _module_preset=\u00bbdefault\u00bb custom_padding=\u00bb||1px|||\u00bb global_colors_info=\u00bb{}\u00bb]<\/p>\n<h4 style=\"text-align: center;\"><span style=\"color: #000000;\">Reglamento de la Ley General de los Derechos de Ni\u00f1as, Ni\u00f1os y Adolescentes.<\/span><\/h4>\n<p>[\/et_pb_text][et_pb_image src=\u00bbhttps:\/\/sipinna.campeche.gob.mx\/wp-content\/uploads\/2022\/10\/Archivos-PDF-co\u0301mo-utilizados-distribuir-malware.jpg\u00bb title_text=\u00bbArchivos-PDF-co\u0301mo-utilizados-distribuir-malware\u00bb url=\u00bbhttps:\/\/drive.google.com\/file\/d\/1ipArSD0HE9S5z4GTTDhTWG9ww_gcuwGf\/view\u00bb url_new_window=\u00bbon\u00bb align=\u00bbcenter\u00bb _builder_version=\u00bb4.18.1&#8243; _module_preset=\u00bbdefault\u00bb width=\u00bb50%\u00bb global_colors_info=\u00bb{}\u00bb][\/et_pb_image][et_pb_text _builder_version=\u00bb4.16&#8243; _module_preset=\u00bbdefault\u00bb custom_padding=\u00bb||1px|||\u00bb global_colors_info=\u00bb{}\u00bb]<\/p>\n<h4 style=\"text-align: center;\"><span style=\"color: #000000;\">Ley General de Prestaci\u00f3n de Servicios para la Atenci\u00f3n, Cuidado y Desarrollo Integral Infantil<\/span><\/h4>\n<p>[\/et_pb_text][et_pb_image src=\u00bbhttps:\/\/sipinna.campeche.gob.mx\/wp-content\/uploads\/2022\/10\/Archivos-PDF-co\u0301mo-utilizados-distribuir-malware.jpg\u00bb title_text=\u00bbArchivos-PDF-co\u0301mo-utilizados-distribuir-malware\u00bb url=\u00bbhttps:\/\/drive.google.com\/file\/d\/1_gyxK0Imqn7Tg4M-2RpYooOkgSUVuzdz\/view?usp=drive_link\u00bb url_new_window=\u00bbon\u00bb align=\u00bbcenter\u00bb _builder_version=\u00bb4.19.2&#8243; _module_preset=\u00bbdefault\u00bb width=\u00bb50%\u00bb global_colors_info=\u00bb{}\u00bb][\/et_pb_image][et_pb_text _builder_version=\u00bb4.16&#8243; _module_preset=\u00bbdefault\u00bb custom_padding=\u00bb||1px|||\u00bb global_colors_info=\u00bb{}\u00bb]<\/p>\n<h4 style=\"text-align: center;\"><span style=\"color: #000000;\">Reglamento de la Ley de los Derechos de Ni\u00f1as, Ni\u00f1os y Adolescentes del Estado de Campeche<\/span><\/h4>\n<p>[\/et_pb_text][et_pb_image src=\u00bbhttps:\/\/sipinna.campeche.gob.mx\/wp-content\/uploads\/2022\/10\/Archivos-PDF-co\u0301mo-utilizados-distribuir-malware.jpg\u00bb title_text=\u00bbArchivos-PDF-co\u0301mo-utilizados-distribuir-malware\u00bb url=\u00bbhttps:\/\/drive.google.com\/file\/d\/1xPgn_JG5rbquvyMYiEu8LfkmUVEtdFU9\/view?usp=sharing\u00bb url_new_window=\u00bbon\u00bb align=\u00bbcenter\u00bb _builder_version=\u00bb4.25.1&#8243; _module_preset=\u00bbdefault\u00bb width=\u00bb50%\u00bb global_colors_info=\u00bb{}\u00bb][\/et_pb_image][et_pb_text _builder_version=\u00bb4.16&#8243; _module_preset=\u00bbdefault\u00bb custom_padding=\u00bb||1px|||\u00bb global_colors_info=\u00bb{}\u00bb]<\/p>\n<h4 style=\"text-align: center;\"><span style=\"color: #000000;\">Lineamientos para la Participaci\u00f3n de NNA<\/span><\/h4>\n<p>[\/et_pb_text][\/et_pb_column][\/et_pb_row][\/et_pb_section]<\/p>\n","protected":false},"excerpt":{"rendered":"<p>Constituci\u00f3n Pol\u00edtica de los Estados Unidos MexicanosC\u00f3digo Penal del Estado de CampecheConvenci\u00f3n sobre los Derechos del Ni\u00f1oLey Nacional del Sistema Integral de Justicia Penal para AdolescentesAcuerdo por el que se reforman diversas disposiciones del Manual de Organizaci\u00f3n y Operaci\u00f3n del Sistema Estatal de Protecci\u00f3nIntegral de Ni\u00f1as, Ni\u00f1os y Adolescentes del Estado de CampecheLineamientos del Consejo [&hellip;]<\/p>\n","protected":false},"author":1,"featured_media":0,"parent":0,"menu_order":0,"comment_status":"closed","ping_status":"closed","template":"","meta":{"_acf_changed":false,"_et_pb_use_builder":"on","_et_pb_old_content":"","_et_gb_content_width":"","footnotes":""},"acf":[],"_links":{"self":[{"href":"https:\/\/sipinna.campeche.gob.mx\/index.php?rest_route=\/wp\/v2\/pages\/123"}],"collection":[{"href":"https:\/\/sipinna.campeche.gob.mx\/index.php?rest_route=\/wp\/v2\/pages"}],"about":[{"href":"https:\/\/sipinna.campeche.gob.mx\/index.php?rest_route=\/wp\/v2\/types\/page"}],"author":[{"embeddable":true,"href":"https:\/\/sipinna.campeche.gob.mx\/index.php?rest_route=\/wp\/v2\/users\/1"}],"replies":[{"embeddable":true,"href":"https:\/\/sipinna.campeche.gob.mx\/index.php?rest_route=%2Fwp%2Fv2%2Fcomments&post=123"}],"version-history":[{"count":6,"href":"https:\/\/sipinna.campeche.gob.mx\/index.php?rest_route=\/wp\/v2\/pages\/123\/revisions"}],"predecessor-version":[{"id":240039,"href":"https:\/\/sipinna.campeche.gob.mx\/index.php?rest_route=\/wp\/v2\/pages\/123\/revisions\/240039"}],"wp:attachment":[{"href":"https:\/\/sipinna.campeche.gob.mx\/index.php?rest_route=%2Fwp%2Fv2%2Fmedia&parent=123"}],"curies":[{"name":"wp","href":"https:\/\/api.w.org\/{rel}","templated":true}]}}